{"id":18620,"date":"2024-01-31T12:29:20","date_gmt":"2024-01-31T11:29:20","guid":{"rendered":"https:\/\/cilyx.saturn.lws-servers.be\/?page_id=18620"},"modified":"2025-12-17T15:13:50","modified_gmt":"2025-12-17T14:13:50","slug":"jobs","status":"publish","type":"page","link":"https:\/\/www.cilyx.eu\/fr\/jobs\/","title":{"rendered":"Offres d&#8217;emplois"},"content":{"rendered":"","protected":false},"excerpt":{"rendered":"","protected":false},"author":6,"featured_media":15911,"parent":0,"menu_order":0,"comment_status":"closed","ping_status":"closed","template":"page-templates\/template-job.php","meta":{"_acf_changed":false,"inline_featured_image":false,"footnotes":""},"class_list":["post-18620","page","type-page","status-publish","has-post-thumbnail","hentry"],"acf":[],"yoast_head":"<!-- This site is optimized with the Yoast SEO plugin v27.4 - https:\/\/yoast.com\/product\/yoast-seo-wordpress\/ -->\n<title>D\u00e9couvrez toutes nos Offres d&#039;emplois - Cilyx<\/title>\n<meta name=\"description\" content=\"D\u00e9couvrez nos diff\u00e9rentes offres d&#039;emploi disponibles chez Cilyx ! N&#039;h\u00e9sitez pas \u00e0 y jeter un oeil !\" \/>\n<meta name=\"robots\" content=\"index, follow, max-snippet:-1, max-image-preview:large, max-video-preview:-1\" \/>\n<link rel=\"canonical\" href=\"https:\/\/www.cilyx.eu\/fr\/jobs\/\" \/>\n<meta property=\"og:locale\" content=\"fr_FR\" \/>\n<meta property=\"og:type\" content=\"article\" \/>\n<meta property=\"og:title\" content=\"D\u00e9couvrez toutes nos Offres d&#039;emplois - Cilyx\" \/>\n<meta property=\"og:description\" content=\"D\u00e9couvrez nos diff\u00e9rentes offres d&#039;emploi disponibles chez Cilyx ! N&#039;h\u00e9sitez pas \u00e0 y jeter un oeil !\" \/>\n<meta property=\"og:url\" content=\"https:\/\/www.cilyx.eu\/fr\/jobs\/\" \/>\n<meta property=\"og:site_name\" content=\"Cilyx\" \/>\n<meta property=\"article:modified_time\" content=\"2025-12-17T14:13:50+00:00\" \/>\n<meta property=\"og:image\" content=\"https:\/\/www.cilyx.eu\/wp-content\/uploads\/2023\/07\/4804aa4f-b019-4947-ba72-97e4b3623924.png\" \/>\n\t<meta property=\"og:image:width\" content=\"1023\" \/>\n\t<meta property=\"og:image:height\" content=\"575\" \/>\n\t<meta property=\"og:image:type\" content=\"image\/png\" \/>\n<meta name=\"twitter:card\" content=\"summary_large_image\" \/>\n<meta name=\"twitter:label1\" content=\"Dur\u00e9e de lecture estim\u00e9e\" \/>\n\t<meta name=\"twitter:data1\" content=\"1 minute\" \/>\n<script type=\"application\/ld+json\" class=\"yoast-schema-graph\">{\"@context\":\"https:\\\/\\\/schema.org\",\"@graph\":[{\"@type\":\"WebPage\",\"@id\":\"https:\\\/\\\/www.cilyx.eu\\\/fr\\\/jobs\\\/\",\"url\":\"https:\\\/\\\/www.cilyx.eu\\\/fr\\\/jobs\\\/\",\"name\":\"D\u00e9couvrez toutes nos Offres d'emplois - Cilyx\",\"isPartOf\":{\"@id\":\"https:\\\/\\\/www.cilyx.eu\\\/fr\\\/#website\"},\"primaryImageOfPage\":{\"@id\":\"https:\\\/\\\/www.cilyx.eu\\\/fr\\\/jobs\\\/#primaryimage\"},\"image\":{\"@id\":\"https:\\\/\\\/www.cilyx.eu\\\/fr\\\/jobs\\\/#primaryimage\"},\"thumbnailUrl\":\"https:\\\/\\\/www.cilyx.eu\\\/wp-content\\\/uploads\\\/2023\\\/07\\\/4804aa4f-b019-4947-ba72-97e4b3623924.png\",\"datePublished\":\"2024-01-31T11:29:20+00:00\",\"dateModified\":\"2025-12-17T14:13:50+00:00\",\"description\":\"D\u00e9couvrez nos diff\u00e9rentes offres d'emploi disponibles chez Cilyx ! N'h\u00e9sitez pas \u00e0 y jeter un oeil !\",\"breadcrumb\":{\"@id\":\"https:\\\/\\\/www.cilyx.eu\\\/fr\\\/jobs\\\/#breadcrumb\"},\"inLanguage\":\"fr-FR\",\"potentialAction\":[{\"@type\":\"ReadAction\",\"target\":[\"https:\\\/\\\/www.cilyx.eu\\\/fr\\\/jobs\\\/\"]}]},{\"@type\":\"ImageObject\",\"inLanguage\":\"fr-FR\",\"@id\":\"https:\\\/\\\/www.cilyx.eu\\\/fr\\\/jobs\\\/#primaryimage\",\"url\":\"https:\\\/\\\/www.cilyx.eu\\\/wp-content\\\/uploads\\\/2023\\\/07\\\/4804aa4f-b019-4947-ba72-97e4b3623924.png\",\"contentUrl\":\"https:\\\/\\\/www.cilyx.eu\\\/wp-content\\\/uploads\\\/2023\\\/07\\\/4804aa4f-b019-4947-ba72-97e4b3623924.png\",\"width\":1023,\"height\":575,\"caption\":\"Cilyx\"},{\"@type\":\"BreadcrumbList\",\"@id\":\"https:\\\/\\\/www.cilyx.eu\\\/fr\\\/jobs\\\/#breadcrumb\",\"itemListElement\":[{\"@type\":\"ListItem\",\"position\":1,\"name\":\"Home\",\"item\":\"https:\\\/\\\/www.cilyx.eu\\\/fr\\\/\"},{\"@type\":\"ListItem\",\"position\":2,\"name\":\"Offres d&#8217;emplois\"}]},{\"@type\":\"WebSite\",\"@id\":\"https:\\\/\\\/www.cilyx.eu\\\/fr\\\/#website\",\"url\":\"https:\\\/\\\/www.cilyx.eu\\\/fr\\\/\",\"name\":\"Cilyx\",\"description\":\"Ing\u00e9nierie des sciences de la vie\",\"potentialAction\":[{\"@type\":\"SearchAction\",\"target\":{\"@type\":\"EntryPoint\",\"urlTemplate\":\"https:\\\/\\\/www.cilyx.eu\\\/fr\\\/?s={search_term_string}\"},\"query-input\":{\"@type\":\"PropertyValueSpecification\",\"valueRequired\":true,\"valueName\":\"search_term_string\"}}],\"inLanguage\":\"fr-FR\"}]}<\/script>\n<!-- \/ Yoast SEO plugin. -->","yoast_head_json":{"title":"D\u00e9couvrez toutes nos Offres d'emplois - Cilyx","description":"D\u00e9couvrez nos diff\u00e9rentes offres d'emploi disponibles chez Cilyx ! N'h\u00e9sitez pas \u00e0 y jeter un oeil !","robots":{"index":"index","follow":"follow","max-snippet":"max-snippet:-1","max-image-preview":"max-image-preview:large","max-video-preview":"max-video-preview:-1"},"canonical":"https:\/\/www.cilyx.eu\/fr\/jobs\/","og_locale":"fr_FR","og_type":"article","og_title":"D\u00e9couvrez toutes nos Offres d'emplois - Cilyx","og_description":"D\u00e9couvrez nos diff\u00e9rentes offres d'emploi disponibles chez Cilyx ! N'h\u00e9sitez pas \u00e0 y jeter un oeil !","og_url":"https:\/\/www.cilyx.eu\/fr\/jobs\/","og_site_name":"Cilyx","article_modified_time":"2025-12-17T14:13:50+00:00","og_image":[{"width":1023,"height":575,"url":"https:\/\/www.cilyx.eu\/wp-content\/uploads\/2023\/07\/4804aa4f-b019-4947-ba72-97e4b3623924.png","type":"image\/png"}],"twitter_card":"summary_large_image","twitter_misc":{"Dur\u00e9e de lecture estim\u00e9e":"1 minute"},"schema":{"@context":"https:\/\/schema.org","@graph":[{"@type":"WebPage","@id":"https:\/\/www.cilyx.eu\/fr\/jobs\/","url":"https:\/\/www.cilyx.eu\/fr\/jobs\/","name":"D\u00e9couvrez toutes nos Offres d'emplois - Cilyx","isPartOf":{"@id":"https:\/\/www.cilyx.eu\/fr\/#website"},"primaryImageOfPage":{"@id":"https:\/\/www.cilyx.eu\/fr\/jobs\/#primaryimage"},"image":{"@id":"https:\/\/www.cilyx.eu\/fr\/jobs\/#primaryimage"},"thumbnailUrl":"https:\/\/www.cilyx.eu\/wp-content\/uploads\/2023\/07\/4804aa4f-b019-4947-ba72-97e4b3623924.png","datePublished":"2024-01-31T11:29:20+00:00","dateModified":"2025-12-17T14:13:50+00:00","description":"D\u00e9couvrez nos diff\u00e9rentes offres d'emploi disponibles chez Cilyx ! N'h\u00e9sitez pas \u00e0 y jeter un oeil !","breadcrumb":{"@id":"https:\/\/www.cilyx.eu\/fr\/jobs\/#breadcrumb"},"inLanguage":"fr-FR","potentialAction":[{"@type":"ReadAction","target":["https:\/\/www.cilyx.eu\/fr\/jobs\/"]}]},{"@type":"ImageObject","inLanguage":"fr-FR","@id":"https:\/\/www.cilyx.eu\/fr\/jobs\/#primaryimage","url":"https:\/\/www.cilyx.eu\/wp-content\/uploads\/2023\/07\/4804aa4f-b019-4947-ba72-97e4b3623924.png","contentUrl":"https:\/\/www.cilyx.eu\/wp-content\/uploads\/2023\/07\/4804aa4f-b019-4947-ba72-97e4b3623924.png","width":1023,"height":575,"caption":"Cilyx"},{"@type":"BreadcrumbList","@id":"https:\/\/www.cilyx.eu\/fr\/jobs\/#breadcrumb","itemListElement":[{"@type":"ListItem","position":1,"name":"Home","item":"https:\/\/www.cilyx.eu\/fr\/"},{"@type":"ListItem","position":2,"name":"Offres d&#8217;emplois"}]},{"@type":"WebSite","@id":"https:\/\/www.cilyx.eu\/fr\/#website","url":"https:\/\/www.cilyx.eu\/fr\/","name":"Cilyx","description":"Ing\u00e9nierie des sciences de la vie","potentialAction":[{"@type":"SearchAction","target":{"@type":"EntryPoint","urlTemplate":"https:\/\/www.cilyx.eu\/fr\/?s={search_term_string}"},"query-input":{"@type":"PropertyValueSpecification","valueRequired":true,"valueName":"search_term_string"}}],"inLanguage":"fr-FR"}]}},"_links":{"self":[{"href":"https:\/\/www.cilyx.eu\/fr\/wp-json\/wp\/v2\/pages\/18620","targetHints":{"allow":["GET"]}}],"collection":[{"href":"https:\/\/www.cilyx.eu\/fr\/wp-json\/wp\/v2\/pages"}],"about":[{"href":"https:\/\/www.cilyx.eu\/fr\/wp-json\/wp\/v2\/types\/page"}],"author":[{"embeddable":true,"href":"https:\/\/www.cilyx.eu\/fr\/wp-json\/wp\/v2\/users\/6"}],"replies":[{"embeddable":true,"href":"https:\/\/www.cilyx.eu\/fr\/wp-json\/wp\/v2\/comments?post=18620"}],"version-history":[{"count":7,"href":"https:\/\/www.cilyx.eu\/fr\/wp-json\/wp\/v2\/pages\/18620\/revisions"}],"predecessor-version":[{"id":26378,"href":"https:\/\/www.cilyx.eu\/fr\/wp-json\/wp\/v2\/pages\/18620\/revisions\/26378"}],"wp:featuredmedia":[{"embeddable":true,"href":"https:\/\/www.cilyx.eu\/fr\/wp-json\/wp\/v2\/media\/15911"}],"wp:attachment":[{"href":"https:\/\/www.cilyx.eu\/fr\/wp-json\/wp\/v2\/media?parent=18620"}],"curies":[{"name":"wp","href":"https:\/\/api.w.org\/{rel}","templated":true}]}}